{"id":97,"date":"2018-05-18T16:45:15","date_gmt":"2018-05-18T14:45:15","guid":{"rendered":"http:\/\/www.almabtrieb-gailroth.de\/?page_id=97"},"modified":"2018-05-24T09:16:31","modified_gmt":"2018-05-24T07:16:31","slug":"97-2","status":"publish","type":"page","link":"https:\/\/www.almabtrieb-gailroth.de\/?page_id=97","title":{"rendered":"Programm 2017"},"content":{"rendered":"<div id=\"pg-76-0\" class=\"panel-grid panel-no-style\">\n<div id=\"pgc-76-0-0\" class=\"panel-grid-cell\">\n<div id=\"panel-76-0-0-0\" class=\"so-panel widget widget_sow-editor panel-first-child panel-last-child\" data-index=\"0\">\n<div class=\"so-widget-sow-editor so-widget-sow-editor-base\">\n<div class=\"siteorigin-widget-tinymce textwidget\">\n<h1><strong>Samstag, 28. Oktober 2017<\/strong><\/h1>\n<\/div>\n<\/div>\n<\/div>\n<\/div>\n<\/div>\n<div id=\"pg-76-1\" class=\"panel-grid panel-no-style\">\n<div id=\"pgc-76-1-0\" class=\"panel-grid-cell\">\n<div id=\"panel-76-1-0-0\" class=\"so-panel widget widget_cl-itext widget-cl-itext panel-first-child panel-last-child\" data-index=\"1\">\n<h3 class=\"cl-itext type_fadeIn align_left cl_custom_css_1\"><span class=\"cl-itext-part changesat_0 changesat_1 changesat_3 notransition\">\u00a0<\/span><\/h3>\n<\/div>\n<\/div>\n<\/div>\n<div id=\"pg-76-2\" class=\"panel-grid panel-no-style\">\n<div id=\"pgc-76-2-0\" class=\"panel-grid-cell\">\n<div id=\"panel-76-2-0-0\" class=\"so-panel widget widget_sow-button panel-first-child\" data-index=\"2\">\n<div class=\"so-widget-sow-button so-widget-sow-button-atom-ec102b035add\">\n<div class=\"ow-button-base ow-button-align-left\"><a class=\"ow-icon-placement-left ow-button-hover\" href=\"https:\/\/www.almabtrieb-gailroth.de\/programm-2017\/#\"> 11:00 Uhr Festumzug <\/a><\/div>\n<\/div>\n<\/div>\n<div id=\"panel-76-2-0-1\" class=\"so-panel widget widget_sow-editor panel-last-child\" data-index=\"3\">\n<div class=\"so-widget-sow-editor so-widget-sow-editor-base\">\n<div class=\"siteorigin-widget-tinymce textwidget\">\n<p>Almabtrieb, angef\u00fchrt von einem Ochsengespann, von der Rapsalm in Theuerbronn durch Gailroth zur Gemeinschaftshalle mit unseren G\u00e4sten, den \u201cHolz&amp;Blech Chaoten\u201d und dem Trachtenverein &#8222;Edelwei\u00df&#8220; aus Sonthofen. Volkst\u00e4nzer aus Haundorf und Schrozberg, Festwagen, Oldtimer-Schleppern sowie vielen weiteren heimischen Teilnehmern.<\/p>\n<\/div>\n<\/div>\n<\/div>\n<\/div>\n<div id=\"pgc-76-2-1\" class=\"panel-grid-cell\">\n<div id=\"panel-76-2-1-0\" class=\"so-panel widget widget_cl-ib widget-cl-ib panel-first-child panel-last-child\" data-index=\"4\">\n<div class=\"cl-ib animation_melete ratio_3x2 align_center with_title cl_custom_css_2\">\n<div class=\"cl-ib-h easing_ease\">\n<div class=\"cl-ib-image\"><\/div>\n<div class=\"cl-ib-content\">\n<div class=\"cl-ib-content-h\">\n<h4 class=\"cl-ib-title\">Festumzug<\/h4>\n<\/div>\n<\/div>\n<\/div>\n<\/div>\n<\/div>\n<\/div>\n<\/div>\n<div id=\"pg-76-3\" class=\"panel-grid panel-no-style\">\n<div id=\"pgc-76-3-0\" class=\"panel-grid-cell panel-grid-cell-mobile-last\">\n<div id=\"panel-76-3-0-0\" class=\"so-panel widget widget_sow-button panel-first-child\" data-index=\"5\">\n<div class=\"so-widget-sow-button so-widget-sow-button-atom-ec102b035add\">\n<div class=\"ow-button-base ow-button-align-left\"><a class=\"ow-icon-placement-left ow-button-hover\" href=\"https:\/\/www.almabtrieb-gailroth.de\/programm-2017\/#\"> 12:00 Uhr Mittagessen <\/a><\/div>\n<\/div>\n<\/div>\n<div id=\"panel-76-3-0-1\" class=\"so-panel widget widget_sow-editor panel-last-child\" data-index=\"6\">\n<div class=\"so-widget-sow-editor so-widget-sow-editor-base\">\n<div class=\"siteorigin-widget-tinymce textwidget\">\n<p>Rindfleisch mit fr\u00e4nkischem Kren aus eigener Schlachtung und andere Schmankerl in der bekannt, hervorragenden Qualit\u00e4t, frisch und lecker f\u00fcr Sie zubereitet<\/p>\n<\/div>\n<\/div>\n<\/div>\n<\/div>\n<div id=\"pgc-76-3-1\" class=\"panel-grid-cell panel-grid-cell-empty\"><\/div>\n<\/div>\n<div id=\"pg-76-4\" class=\"panel-grid panel-no-style\">\n<div id=\"pgc-76-4-0\" class=\"panel-grid-cell\">\n<div id=\"panel-76-4-0-0\" class=\"so-panel widget widget_sow-button panel-first-child\" data-index=\"7\">\n<div class=\"so-widget-sow-button so-widget-sow-button-atom-ec102b035add\">\n<div class=\"ow-button-base ow-button-align-left\"><a class=\"ow-icon-placement-left ow-button-hover\" href=\"https:\/\/www.almabtrieb-gailroth.de\/programm-2017\/#\"> ab 12:00 Uhr Blasmusik <\/a><\/div>\n<\/div>\n<\/div>\n<div id=\"panel-76-4-0-1\" class=\"so-panel widget widget_sow-editor panel-last-child\" data-index=\"8\">\n<div class=\"so-widget-sow-editor so-widget-sow-editor-base\">\n<div class=\"siteorigin-widget-tinymce textwidget\">\n<p>mit den \u201cHolz&amp;Blech Chaoten\u201d<\/p>\n<\/div>\n<\/div>\n<\/div>\n<\/div>\n<div id=\"pgc-76-4-1\" class=\"panel-grid-cell\">\n<div id=\"panel-76-4-1-0\" class=\"so-panel widget widget_cl-ib widget-cl-ib panel-first-child panel-last-child\" data-index=\"9\">\n<div class=\"cl-ib animation_melete ratio_3x2 align_center with_title with_desc cl_custom_css_3\">\n<div class=\"cl-ib-h easing_ease\">\n<div class=\"cl-ib-image\"><\/div>\n<div class=\"cl-ib-content\">\n<div class=\"cl-ib-content-h\">\n<h4 class=\"cl-ib-title\">Blasmusik<\/h4>\n<div class=\"cl-ib-desc\">mit den \u201cHolz&amp;Blech Chaoten\u201d<\/div>\n<\/div>\n<\/div>\n<\/div>\n<\/div>\n<\/div>\n<\/div>\n<\/div>\n<div id=\"pg-76-5\" class=\"panel-grid panel-no-style\">\n<div id=\"pgc-76-5-0\" class=\"panel-grid-cell\">\n<div id=\"panel-76-5-0-0\" class=\"so-panel widget widget_sow-button panel-first-child\" data-index=\"10\">\n<div class=\"so-widget-sow-button so-widget-sow-button-atom-ec102b035add\">\n<div class=\"ow-button-base ow-button-align-left\"><a class=\"ow-icon-placement-left ow-button-hover\" href=\"https:\/\/www.almabtrieb-gailroth.de\/programm-2017\/#\"> ab 14:00 Uhr Showprogramm <\/a><\/div>\n<\/div>\n<\/div>\n<div id=\"panel-76-5-0-1\" class=\"so-panel widget widget_sow-editor panel-last-child\" data-index=\"11\">\n<div class=\"so-widget-sow-editor so-widget-sow-editor-base\">\n<div class=\"siteorigin-widget-tinymce textwidget\">\n<p>Gro\u00dfes Alpenl\u00e4ndisches Showprogramm mit Blasmusik der Extraklasse, Traditionelle Volkst\u00e4nze und jede Menge Gaudi mit dem Trachtenverein &#8222;Edelwei\u00df&#8220;, aus Sonthofen.<br \/>\nKaffee und selbstgebackene Torten und Kuchen.<\/p>\n<\/div>\n<\/div>\n<\/div>\n<\/div>\n<div id=\"pgc-76-5-1\" class=\"panel-grid-cell\">\n<div id=\"panel-76-5-1-0\" class=\"so-panel widget widget_cl-ib widget-cl-ib panel-first-child panel-last-child\" data-index=\"12\">\n<div class=\"cl-ib animation_melete ratio_3x2 align_center with_title with_desc cl_custom_css_4\">\n<div class=\"cl-ib-h easing_ease\">\n<div class=\"cl-ib-image\"><\/div>\n<div class=\"cl-ib-content\">\n<div class=\"cl-ib-content-h\">\n<h4 class=\"cl-ib-title\">Showprogramm<\/h4>\n<div class=\"cl-ib-desc\">mit dem Trachtenverein &#8222;Edelwei\u00df&#8220;<\/div>\n<\/div>\n<\/div>\n<\/div>\n<\/div>\n<\/div>\n<\/div>\n<\/div>\n<div id=\"pg-76-6\" class=\"panel-grid panel-no-style\">\n<div id=\"pgc-76-6-0\" class=\"panel-grid-cell\">\n<div id=\"panel-76-6-0-0\" class=\"so-panel widget widget_sow-button panel-first-child\" data-index=\"13\">\n<div class=\"so-widget-sow-button so-widget-sow-button-atom-ec102b035add\">\n<div class=\"ow-button-base ow-button-align-left\"><a class=\"ow-icon-placement-left ow-button-hover\" href=\"https:\/\/www.almabtrieb-gailroth.de\/programm-2017\/#\"> ganztags <\/a><\/div>\n<\/div>\n<\/div>\n<div id=\"panel-76-6-0-1\" class=\"so-panel widget widget_sow-editor panel-last-child\" data-index=\"14\">\n<div class=\"so-widget-sow-editor so-widget-sow-editor-base\">\n<div class=\"siteorigin-widget-tinymce textwidget\">\n<p>auf dem Freigel\u00e4nde Informations- und Verkaufsausstellung mit Markttreiben&#8230;.<\/p>\n<\/div>\n<\/div>\n<\/div>\n<\/div>\n<div id=\"pgc-76-6-1\" class=\"panel-grid-cell\">\n<div id=\"panel-76-6-1-0\" class=\"so-panel widget widget_cl-ib widget-cl-ib panel-first-child panel-last-child\" data-index=\"15\">\n<div class=\"cl-ib animation_melete ratio_3x2 align_center with_title cl_custom_css_5\">\n<div class=\"cl-ib-h easing_ease\">\n<div class=\"cl-ib-image\"><\/div>\n<div class=\"cl-ib-content\">\n<div class=\"cl-ib-content-h\">\n<h4 class=\"cl-ib-title\">Freigel\u00e4nde mit Markttreiben<\/h4>\n<\/div>\n<\/div>\n<\/div>\n<\/div>\n<\/div>\n<\/div>\n<\/div>\n<div id=\"pg-76-7\" class=\"panel-grid panel-no-style\">\n<div id=\"pgc-76-7-0\" class=\"panel-grid-cell\">\n<div id=\"panel-76-7-0-0\" class=\"so-panel widget widget_sow-button panel-first-child\" data-index=\"16\">\n<div class=\"so-widget-sow-button so-widget-sow-button-atom-ec102b035add\">\n<div class=\"ow-button-base ow-button-align-left\"><a class=\"ow-icon-placement-left ow-button-hover\" href=\"https:\/\/www.almabtrieb-gailroth.de\/programm-2017\/#\"> ab 20:00 Uhr&#8230; und die ganze Nacht <\/a><\/div>\n<\/div>\n<\/div>\n<div id=\"panel-76-7-0-1\" class=\"so-panel widget widget_sow-editor panel-last-child\" data-index=\"17\">\n<div class=\"so-widget-sow-editor so-widget-sow-editor-base\">\n<div class=\"siteorigin-widget-tinymce textwidget\">\n<h2>Almparty<\/h2>\n<p>Live mit der \u201eSturzboch Musi\u201c er Stimmungs- und Partyband aus S\u00fcdost Oberbayern<\/p>\n<h3>Barbetrieb in unserer Almbar<\/h3>\n<\/div>\n<\/div>\n<\/div>\n<\/div>\n<\/div>\n","protected":false},"excerpt":{"rendered":"<p>Samstag, 28. Oktober 2017 \u00a0 11:00 Uhr Festumzug Almabtrieb, angef\u00fchrt von einem Ochsengespann, von der Rapsalm in Theuerbronn durch Gailroth zur Gemeinschaftshalle mit unseren G\u00e4sten, den \u201cHolz&amp;Blech Chaoten\u201d und dem Trachtenverein &#8222;Edelwei\u00df&#8220; aus Sonthofen. Volkst\u00e4nzer aus Haundorf und Schrozberg, Festwagen, Oldtimer-Schleppern sowie vielen weiteren heimischen Teilnehmern. Festumzug 12:00 Uhr Mittagessen Rindfleisch mit fr\u00e4nkischem Kren aus [&hellip;]<\/p>\n","protected":false},"author":1,"featured_media":0,"parent":0,"menu_order":0,"comment_status":"closed","ping_status":"closed","template":"","meta":{"footnotes":""},"class_list":["post-97","page","type-page","status-publish","hentry"],"_links":{"self":[{"href":"https:\/\/www.almabtrieb-gailroth.de\/index.php?rest_route=\/wp\/v2\/pages\/97","targetHints":{"allow":["GET"]}}],"collection":[{"href":"https:\/\/www.almabtrieb-gailroth.de\/index.php?rest_route=\/wp\/v2\/pages"}],"about":[{"href":"https:\/\/www.almabtrieb-gailroth.de\/index.php?rest_route=\/wp\/v2\/types\/page"}],"author":[{"embeddable":true,"href":"https:\/\/www.almabtrieb-gailroth.de\/index.php?rest_route=\/wp\/v2\/users\/1"}],"replies":[{"embeddable":true,"href":"https:\/\/www.almabtrieb-gailroth.de\/index.php?rest_route=%2Fwp%2Fv2%2Fcomments&post=97"}],"version-history":[{"count":2,"href":"https:\/\/www.almabtrieb-gailroth.de\/index.php?rest_route=\/wp\/v2\/pages\/97\/revisions"}],"predecessor-version":[{"id":124,"href":"https:\/\/www.almabtrieb-gailroth.de\/index.php?rest_route=\/wp\/v2\/pages\/97\/revisions\/124"}],"wp:attachment":[{"href":"https:\/\/www.almabtrieb-gailroth.de\/index.php?rest_route=%2Fwp%2Fv2%2Fmedia&parent=97"}],"curies":[{"name":"wp","href":"https:\/\/api.w.org\/{rel}","templated":true}]}}